{"id":92,"date":"2023-02-12T23:13:21","date_gmt":"2023-02-12T23:13:21","guid":{"rendered":"http:\/\/lops.com.pl\/?page_id=92"},"modified":"2025-04-15T20:55:53","modified_gmt":"2025-04-15T20:55:53","slug":"zespol","status":"publish","type":"page","link":"https:\/\/lops.com.pl\/index.php\/zespol\/","title":{"rendered":"zesp\u00f3\u0142"},"content":{"rendered":"\t\t<div data-elementor-type=\"wp-page\" data-elementor-id=\"92\" class=\"elementor elementor-92\">\n\t\t\t\t\t\t\t\t\t<section class=\"elementor-section elementor-top-section elementor-element elementor-element-4de0832 elementor-section-height-min-height elementor-section-items-stretch elementor-section-content-middle elementor-section-boxed elementor-section-height-default wpr-particle-no wpr-jarallax-no wpr-parallax-no wpr-sticky-section-no\" data-id=\"4de0832\" data-element_type=\"section\" data-settings=\"{&quot;background_background&quot;:&quot;classic&quot;}\">\n\t\t\t\t\t\t<div class=\"elementor-container elementor-column-gap-no\">\n\t\t\t\t\t<div class=\"elementor-column elementor-col-100 elementor-top-column elementor-element elementor-element-d3b0358\" data-id=\"d3b0358\" data-element_type=\"column\">\n\t\t\t<div class=\"elementor-widget-wrap elementor-element-populated\">\n\t\t\t\t\t\t\t\t<div class=\"elementor-element elementor-element-3827b4d elementor-invisible elementor-widget elementor-widget-heading\" data-id=\"3827b4d\" data-element_type=\"widget\" data-settings=\"{&quot;_animation&quot;:&quot;fadeIn&quot;}\" data-widget_type=\"heading.default\">\n\t\t\t\t<div class=\"elementor-widget-container\">\n\t\t\t<style>\/*! elementor - v3.10.2 - 29-01-2023 *\/\n.elementor-heading-title{padding:0;margin:0;line-height:1}.elementor-widget-heading .elementor-heading-title[class*=elementor-size-]>a{color:inherit;font-size:inherit;line-height:inherit}.elementor-widget-heading .elementor-heading-title.elementor-size-small{font-size:15px}.elementor-widget-heading .elementor-heading-title.elementor-size-medium{font-size:19px}.elementor-widget-heading .elementor-heading-title.elementor-size-large{font-size:29px}.elementor-widget-heading .elementor-heading-title.elementor-size-xl{font-size:39px}.elementor-widget-heading .elementor-heading-title.elementor-size-xxl{font-size:59px}<\/style><h1 class=\"elementor-heading-title elementor-size-default\">Zesp\u00f3\u0142<\/h1>\t\t<\/div>\n\t\t\t\t<\/div>\n\t\t\t\t\t<\/div>\n\t\t<\/div>\n\t\t\t\t\t\t\t<\/div>\n\t\t<\/section>\n\t\t\t\t<section class=\"elementor-section elementor-top-section elementor-element elementor-element-63b69a9a elementor-section-content-middle elementor-section-boxed elementor-section-height-default elementor-section-height-default wpr-particle-no wpr-jarallax-no wpr-parallax-no wpr-sticky-section-no\" data-id=\"63b69a9a\" data-element_type=\"section\">\n\t\t\t\t\t\t<div class=\"elementor-container elementor-column-gap-no\">\n\t\t\t\t\t<div class=\"elementor-column elementor-col-50 elementor-top-column elementor-element elementor-element-5f159b16\" data-id=\"5f159b16\" data-element_type=\"column\" data-settings=\"{&quot;background_background&quot;:&quot;classic&quot;}\">\n\t\t\t<div class=\"elementor-widget-wrap elementor-element-populated\">\n\t\t\t\t\t\t\t\t<div class=\"elementor-element elementor-element-3c0b47e5 elementor-widget elementor-widget-image\" data-id=\"3c0b47e5\" data-element_type=\"widget\" data-widget_type=\"image.default\">\n\t\t\t\t<div class=\"elementor-widget-container\">\n\t\t\t<style>\/*! elementor - v3.10.2 - 29-01-2023 *\/\n.elementor-widget-image{text-align:center}.elementor-widget-image a{display:inline-block}.elementor-widget-image a img[src$=\".svg\"]{width:48px}.elementor-widget-image img{vertical-align:middle;display:inline-block}<\/style>\t\t\t\t\t\t\t\t\t\t\t\t<img loading=\"lazy\" decoding=\"async\" width=\"768\" height=\"1024\" src=\"https:\/\/lops.com.pl\/wp-content\/uploads\/2023\/02\/Bla2-768x1024.jpg\" class=\"attachment-large size-large wp-image-53\" alt=\"\" srcset=\"https:\/\/lops.com.pl\/wp-content\/uploads\/2023\/02\/Bla2-768x1024.jpg 768w, https:\/\/lops.com.pl\/wp-content\/uploads\/2023\/02\/Bla2-225x300.jpg 225w, https:\/\/lops.com.pl\/wp-content\/uploads\/2023\/02\/Bla2-1152x1536.jpg 1152w, https:\/\/lops.com.pl\/wp-content\/uploads\/2023\/02\/Bla2-1536x2048.jpg 1536w, https:\/\/lops.com.pl\/wp-content\/uploads\/2023\/02\/Bla2-scaled.jpg 1920w\" sizes=\"auto, (max-width: 768px) 100vw, 768px\" \/>\t\t\t\t\t\t\t\t\t\t\t\t\t\t\t<\/div>\n\t\t\t\t<\/div>\n\t\t\t\t\t<\/div>\n\t\t<\/div>\n\t\t\t\t<div class=\"elementor-column elementor-col-50 elementor-top-column elementor-element elementor-element-4dea70ae\" data-id=\"4dea70ae\" data-element_type=\"column\">\n\t\t\t<div class=\"elementor-widget-wrap elementor-element-populated\">\n\t\t\t\t\t\t\t\t<div class=\"elementor-element elementor-element-30540f57 elementor-widget elementor-widget-heading\" data-id=\"30540f57\" data-element_type=\"widget\" data-widget_type=\"heading.default\">\n\t\t\t\t<div class=\"elementor-widget-container\">\n\t\t\t<h2 class=\"elementor-heading-title elementor-size-default\">Blandyna Ga\u0142\u0142a<\/h2>\t\t<\/div>\n\t\t\t\t<\/div>\n\t\t\t\t<div class=\"elementor-element elementor-element-482f343d elementor-widget__width-inherit elementor-widget elementor-widget-text-editor\" data-id=\"482f343d\" data-element_type=\"widget\" data-widget_type=\"text-editor.default\">\n\t\t\t\t<div class=\"elementor-widget-container\">\n\t\t\t<style>\/*! elementor - v3.10.2 - 29-01-2023 *\/\n.elementor-widget-text-editor.elementor-drop-cap-view-stacked .elementor-drop-cap{background-color:#818a91;color:#fff}.elementor-widget-text-editor.elementor-drop-cap-view-framed .elementor-drop-cap{color:#818a91;border:3px solid;background-color:transparent}.elementor-widget-text-editor:not(.elementor-drop-cap-view-default) .elementor-drop-cap{margin-top:8px}.elementor-widget-text-editor:not(.elementor-drop-cap-view-default) .elementor-drop-cap-letter{width:1em;height:1em}.elementor-widget-text-editor .elementor-drop-cap{float:left;text-align:center;line-height:1;font-size:50px}.elementor-widget-text-editor .elementor-drop-cap-letter{display:inline-block}<\/style>\t\t\t\t<p class=\"Textbody\"><strong><span lang=\"PL\">+ 48 502 321 727, blandyna.galla@wp.pl<\/span><\/strong><\/p><p class=\"Textbody\"><strong><span lang=\"PL\"><span class=\"html-span xdj266r x11i5rnm xat24cr x1mh8g0r xexx8yu x4uap5 x18d9i69 xkhd6sd x1hl2dhg x16tdsg8 x1vvkbs x4k7w5x x1h91t0o x1h9r5lt x1jfb8zj xv2umb2 x1beo9mf xaigb6o x12ejxvf x3igimt xarpa2k xedcshv x1lytzrv x1t2pt76 x7ja8zs x1qrby5j\"><span class=\"x193iq5w xeuugli x13faqbe x1vvkbs x1xmvt09 x1lliihq x1s928wv xhkezso x1gmr53x x1cpjm7i x1fgarty x1943h6x xudqn12 x3x7a5m x1f6kntn xvq8zen xo1l8bm xzsf02u\" dir=\"auto\">psycholog, psychoterapeuta poznawczo &#8211; behawioralny, seksuolog kliniczny, bieg\u0142a s\u0105dowa<\/span><\/span>.<\/span><\/strong><\/p>\t\t\t\t\t\t<\/div>\n\t\t\t\t<\/div>\n\t\t\t\t<div class=\"elementor-element elementor-element-f61d246 elementor-widget__width-inherit elementor-widget elementor-widget-text-editor\" data-id=\"f61d246\" data-element_type=\"widget\" data-widget_type=\"text-editor.default\">\n\t\t\t\t<div class=\"elementor-widget-container\">\n\t\t\t\t\t\t\t<p>W 2009 roku uko\u0144czy\u0142a psychologi\u0119 ze specjalno\u015bci\u0105: psychologia kliniczna na Uniwersytecie im. Adama Mickiewicza w Poznani. Odby\u0142a szkolenie w zakresie Integratywnej Psychoterapii Kr\u00f3tkoterminowej, realizowane przez Polskie Towarzystwo Psychoterapii Integratywnej w Krakowie. <span class=\"html-span xdj266r x11i5rnm xat24cr x1mh8g0r xexx8yu x4uap5 x18d9i69 xkhd6sd x1hl2dhg x16tdsg8 x1vvkbs x4k7w5x x1h91t0o x1h9r5lt x1jfb8zj xv2umb2 x1beo9mf xaigb6o x12ejxvf x3igimt xarpa2k xedcshv x1lytzrv x1t2pt76 x7ja8zs x1qrby5j\"><span class=\"x193iq5w xeuugli x13faqbe x1vvkbs x1xmvt09 x1lliihq x1s928wv xhkezso x1gmr53x x1cpjm7i x1fgarty x1943h6x xudqn12 x3x7a5m x1f6kntn xvq8zen xo1l8bm xzsf02u\" dir=\"auto\">Certyfikowany seksuolog kliniczny Polskiego Towarzystwa Seksuologicznego (nr cert. 151); od 2017 roku wsp\u00f3\u0142pracuje z Uniwersytetem im. Adama Mickiewicza w Poznaniu, pracuj\u0105c jako wyk\u0142adowca w ramach Studi\u00f3w Podyplomowych z Seksuologii Klinicznej<\/span><\/span>. Cz\u0142onkini Polskiego Towarzystwa Seksuologicznego oraz Polskiego Towarzystwa Terapii Poznawczej i Behawioralnej. Jest absolwentk\u0105 4-letniego profesjonalnego szkolenia w zakresie psychoterapii poznawczo-behawioralnej w Centrum Terapii Poznawczo \u2013 Behawioralnej w Warszawie. Posiada certyfikat psychoterapeuty poznawczo \u2013 behawioralnego, rekomendowany przez Oxford Cognitive Therapy Centre (Oksfordzkiego Centrum Terapii Kognitywnej).<\/p><p>Do\u015bwiadczenie kliniczne zdobywa\u0142a ju\u017c w trakcie studi\u00f3w, wsp\u00f3\u0142pracuj\u0105c przy realizacji grantu badawczego w zakresie genezy i mechanizm\u00f3w powstawania pedofilii. Od czasu uko\u0144czenia studi\u00f3w, sukcesywnie zdobywa do\u015bwiadczenie zar\u00f3wno pracuj\u0105c na oddzia\u0142ach szpitalnych (psychiatrycznych, s\u0105dowych i somatycznych), jak i w Poradni Zdrowia Psychicznego. Uczestniczy w licznych konferencjach naukowych w dziedzinie seksuologii. Swoj\u0105 prac\u0119, zar\u00f3wno w obszarze psychoterapii, jak i seksuologii poddaje sta\u0142ej superwizji. Pracuje zgodnie z kodeksem etycznym Polskiego Towarzystwa Psychoterapii Poznawczej i Behawioralnej <span class=\"html-span xdj266r x11i5rnm xat24cr x1mh8g0r xexx8yu x4uap5 x18d9i69 xkhd6sd x1hl2dhg x16tdsg8 x1vvkbs x4k7w5x x1h91t0o x1h9r5lt x1jfb8zj xv2umb2 x1beo9mf xaigb6o x12ejxvf x3igimt xarpa2k xedcshv x1lytzrv x1t2pt76 x7ja8zs x1qrby5j\"><span class=\"x193iq5w xeuugli x13faqbe x1vvkbs x1xmvt09 x1lliihq x1s928wv xhkezso x1gmr53x x1cpjm7i x1fgarty x1943h6x xudqn12 x3x7a5m x1f6kntn xvq8zen xo1l8bm xzsf02u\" dir=\"auto\">oraz Polskiego Towarzystwa Seksuologicznego<\/span><\/span>. Od 2009 roku prowadzi prywatn\u0105 praktyk\u0119 psychologiczno \u2013 terapeutyczn\u0105. Jako ekspert, wsp\u00f3\u0142pracuje z kancelariami prawniczymi m.in. na terenie Poznania.<\/p><p>Zakres pomocy:<br \/>&#8211; diagnostyka psychologiczna<br \/>&#8211; psychoterapia indywidualna dla os\u00f3b doros\u0142ych, par i ma\u0142\u017ce\u0144stw<br \/>&#8211; pomoc psychologiczna i konsultacje dla m\u0142odzie\u017cy powy\u017cej 16 roku \u017cycia<br \/>&#8211; pomoc i interwencje psychologiczne w kryzysie<br \/>&#8211; psychoterapia indywidualna i par, pomoc psychologiczna, grupy wsparcia i konsultacje dla os\u00f3b ze \u015brodowiska LGBTQIA<br \/>&#8211; warsztaty i szkolenia dla m\u0142odzie\u017cy choruj\u0105cej na cukrzyc\u0119 typu pierwszego i ich rodzin<br \/>&#8211; szkolenia dla lekarzy i personelu medycznego<br \/>&#8211; szkolenia i warsztaty z zakresu seksuologii (m.in. warsztaty dla kobiet; rodzic\u00f3w dzieci przedszkolnych i rodzic\u00f3w nastolatk\u00f3w; nauczycieli i pedagog\u00f3w; os\u00f3b 50+)<br \/><span class=\"html-span xdj266r x11i5rnm xat24cr x1mh8g0r xexx8yu x4uap5 x18d9i69 xkhd6sd x1hl2dhg x16tdsg8 x1vvkbs x4k7w5x x1h91t0o x1h9r5lt x1jfb8zj xv2umb2 x1beo9mf xaigb6o x12ejxvf x3igimt xarpa2k xedcshv x1lytzrv x1t2pt76 x7ja8zs x1qrby5j\"><span class=\"x193iq5w xeuugli x13faqbe x1vvkbs x1xmvt09 x1lliihq x1s928wv xhkezso x1gmr53x x1cpjm7i x1fgarty x1943h6x xudqn12 x3x7a5m x1f6kntn xvq8zen xo1l8bm xzsf02u\" dir=\"auto\">&#8211; terapia seksuologiczna<\/span><\/span><\/p>\t\t\t\t\t\t<\/div>\n\t\t\t\t<\/div>\n\t\t\t\t\t<\/div>\n\t\t<\/div>\n\t\t\t\t\t\t\t<\/div>\n\t\t<\/section>\n\t\t\t\t<section class=\"elementor-section elementor-top-section elementor-element elementor-element-b42026c elementor-section-content-middle elementor-section-boxed elementor-section-height-default elementor-section-height-default wpr-particle-no wpr-jarallax-no wpr-parallax-no wpr-sticky-section-no\" data-id=\"b42026c\" data-element_type=\"section\">\n\t\t\t\t\t\t<div class=\"elementor-container elementor-column-gap-no\">\n\t\t\t\t\t<div class=\"elementor-column elementor-col-50 elementor-top-column elementor-element elementor-element-ab57686\" data-id=\"ab57686\" data-element_type=\"column\" data-settings=\"{&quot;background_background&quot;:&quot;classic&quot;}\">\n\t\t\t<div class=\"elementor-widget-wrap elementor-element-populated\">\n\t\t\t\t\t\t\t\t<div class=\"elementor-element elementor-element-22e6e5a elementor-widget elementor-widget-image\" data-id=\"22e6e5a\" data-element_type=\"widget\" data-widget_type=\"image.default\">\n\t\t\t\t<div class=\"elementor-widget-container\">\n\t\t\t\t\t\t\t\t\t\t\t\t\t\t\t<img loading=\"lazy\" decoding=\"async\" width=\"768\" height=\"1024\" src=\"https:\/\/lops.com.pl\/wp-content\/uploads\/2023\/02\/Lo2-768x1024.jpg\" class=\"attachment-large size-large wp-image-60\" alt=\"\" srcset=\"https:\/\/lops.com.pl\/wp-content\/uploads\/2023\/02\/Lo2-768x1024.jpg 768w, https:\/\/lops.com.pl\/wp-content\/uploads\/2023\/02\/Lo2-225x300.jpg 225w, https:\/\/lops.com.pl\/wp-content\/uploads\/2023\/02\/Lo2-1152x1536.jpg 1152w, https:\/\/lops.com.pl\/wp-content\/uploads\/2023\/02\/Lo2-1536x2048.jpg 1536w, https:\/\/lops.com.pl\/wp-content\/uploads\/2023\/02\/Lo2-scaled.jpg 1920w\" sizes=\"auto, (max-width: 768px) 100vw, 768px\" \/>\t\t\t\t\t\t\t\t\t\t\t\t\t\t\t<\/div>\n\t\t\t\t<\/div>\n\t\t\t\t\t<\/div>\n\t\t<\/div>\n\t\t\t\t<div class=\"elementor-column elementor-col-50 elementor-top-column elementor-element elementor-element-85c11dc\" data-id=\"85c11dc\" data-element_type=\"column\">\n\t\t\t<div class=\"elementor-widget-wrap elementor-element-populated\">\n\t\t\t\t\t\t\t\t<div class=\"elementor-element elementor-element-8969211 elementor-widget elementor-widget-heading\" data-id=\"8969211\" data-element_type=\"widget\" data-widget_type=\"heading.default\">\n\t\t\t\t<div class=\"elementor-widget-container\">\n\t\t\t<h2 class=\"elementor-heading-title elementor-size-default\">Krzysztof \u0141owigus<\/h2>\t\t<\/div>\n\t\t\t\t<\/div>\n\t\t\t\t<div class=\"elementor-element elementor-element-f059fc5 elementor-widget__width-inherit elementor-widget elementor-widget-text-editor\" data-id=\"f059fc5\" data-element_type=\"widget\" data-widget_type=\"text-editor.default\">\n\t\t\t\t<div class=\"elementor-widget-container\">\n\t\t\t\t\t\t\t<p class=\"Textbody\"><strong><span lang=\"PL\">+ 48 603 046 230, krzysztof.lowigus@gmail.com<\/span><\/strong><\/p><p class=\"Textbody\"><strong><a name=\"u3796-6\"><\/a><span lang=\"PL\">Psycholog, psychoterapeuta poznawczo \u2013 behawioralny, bieg\u0142y s\u0105dowy.<\/span><\/strong><\/p>\t\t\t\t\t\t<\/div>\n\t\t\t\t<\/div>\n\t\t\t\t<div class=\"elementor-element elementor-element-b735be3 elementor-widget__width-inherit elementor-widget elementor-widget-text-editor\" data-id=\"b735be3\" data-element_type=\"widget\" data-widget_type=\"text-editor.default\">\n\t\t\t\t<div class=\"elementor-widget-container\">\n\t\t\t\t\t\t\t<p>W 2012 roku uko\u0144czy\u0142 psychologi\u0119 ze specjalno\u015bci\u0105: psychologia kliniczna na Uniwersytecie im. Adama Mickiewicza w Poznaniu. W 2018 roku uko\u0144czy\u0142 4-letnie profesjonalne szkolenie w zakresie psychoterapii poznawczo-behawioralnej w Centrum Terapii Poznawczo \u2013 Behawioralnej w Warszawie, uzyskuj\u0105c certyfikat psychoterapeuty poznawczo \u2013 behawioralnego, rekomendowany przez Oxford Cognitive Therapy Centre (Oksfordzkiego Centrum Terapii Kognitywnej).<\/p><p>Do\u015bwiadczenie kliniczne zdobywa\u0142 w Poradniach Zdrowia Psychicznego, Poradni Leczenia Uzale\u017cnie\u0144, na oddzia\u0142ach psychiatrycznych stacjonarnych WSW w Gorzowie Wlkp., Oddziale Psychiatrycznym Dziennym w Poznaniu, prowadz\u0105c prywatn\u0105 praktyk\u0119 psychologiczno \u2013 terapeutyczn\u0105, a tak\u017ce w licznych plac\u00f3wkach o\u015bwiatowych oraz pe\u0142ni\u0105c funkcj\u0119 psychologa sportowego w amatorskich klubach sportowych. Pracuje zgodnie z kodeksem etycznym Polskiego Towarzystwa Psychoterapii Poznawczo \u2013 Behawioralnej. Swoj\u0105 prac\u0119 poddaje sta\u0142ej superwizji.<br \/><br \/>Zakres pomocy:<br \/>&#8211; diagnostyka psychologiczna<br \/>&#8211; psychoterapia indywidualna dla os\u00f3b doros\u0142ych, par i ma\u0142\u017ce\u0144stw<br \/>&#8211; pomoc psychologiczna i konsultacje dla m\u0142odzie\u017cy powy\u017cej 14 roku \u017cycia <br \/>&#8211; pomoc i interwencja psychologiczna w kryzysie<br \/>&#8211; pomoc psychologiczna i konsultacje w obszarze psychologii sportu<br \/>&#8211; grupy wsparcia dla ofiar przemocy domowej i rodzinnej<br \/>&#8211; grupy wsparcia dla os\u00f3b cierpi\u0105cych z powodu depresji i l\u0119ku<br \/>&#8211; warsztaty i szkolenia dla m\u0142odzie\u017cy choruj\u0105cej na cukrzyc\u0119 typu pierwszego i ich rodzin<br \/>&#8211; szkolenia dla lekarzy i personelu medycznego<\/p>\t\t\t\t\t\t<\/div>\n\t\t\t\t<\/div>\n\t\t\t\t\t<\/div>\n\t\t<\/div>\n\t\t\t\t\t\t\t<\/div>\n\t\t<\/section>\n\t\t\t\t<section class=\"elementor-section elementor-top-section elementor-element elementor-element-4391126 elementor-section-content-middle elementor-section-boxed elementor-section-height-default elementor-section-height-default wpr-particle-no wpr-jarallax-no wpr-parallax-no wpr-sticky-section-no\" data-id=\"4391126\" data-element_type=\"section\">\n\t\t\t\t\t\t<div class=\"elementor-container elementor-column-gap-no\">\n\t\t\t\t\t<div class=\"elementor-column elementor-col-50 elementor-top-column elementor-element elementor-element-476c7e2\" data-id=\"476c7e2\" data-element_type=\"column\" data-settings=\"{&quot;background_background&quot;:&quot;classic&quot;}\">\n\t\t\t<div class=\"elementor-widget-wrap elementor-element-populated\">\n\t\t\t\t\t\t\t\t<div class=\"elementor-element elementor-element-bc2ad4a elementor-widget elementor-widget-image\" data-id=\"bc2ad4a\" data-element_type=\"widget\" data-widget_type=\"image.default\">\n\t\t\t\t<div class=\"elementor-widget-container\">\n\t\t\t\t\t\t\t\t\t\t\t\t\t\t\t<img loading=\"lazy\" decoding=\"async\" width=\"768\" height=\"1024\" src=\"https:\/\/lops.com.pl\/wp-content\/uploads\/2023\/02\/Jag1-768x1024.jpg\" class=\"attachment-large size-large wp-image-57\" alt=\"\" srcset=\"https:\/\/lops.com.pl\/wp-content\/uploads\/2023\/02\/Jag1-768x1024.jpg 768w, https:\/\/lops.com.pl\/wp-content\/uploads\/2023\/02\/Jag1-225x300.jpg 225w, https:\/\/lops.com.pl\/wp-content\/uploads\/2023\/02\/Jag1-1152x1536.jpg 1152w, https:\/\/lops.com.pl\/wp-content\/uploads\/2023\/02\/Jag1-1536x2048.jpg 1536w, https:\/\/lops.com.pl\/wp-content\/uploads\/2023\/02\/Jag1-scaled.jpg 1920w\" sizes=\"auto, (max-width: 768px) 100vw, 768px\" \/>\t\t\t\t\t\t\t\t\t\t\t\t\t\t\t<\/div>\n\t\t\t\t<\/div>\n\t\t\t\t\t<\/div>\n\t\t<\/div>\n\t\t\t\t<div class=\"elementor-column elementor-col-50 elementor-top-column elementor-element elementor-element-45dd467\" data-id=\"45dd467\" data-element_type=\"column\">\n\t\t\t<div class=\"elementor-widget-wrap elementor-element-populated\">\n\t\t\t\t\t\t\t\t<div class=\"elementor-element elementor-element-a4e1876 elementor-widget elementor-widget-heading\" data-id=\"a4e1876\" data-element_type=\"widget\" data-widget_type=\"heading.default\">\n\t\t\t\t<div class=\"elementor-widget-container\">\n\t\t\t<h2 class=\"elementor-heading-title elementor-size-default\">Jagoda Hampelska<\/h2>\t\t<\/div>\n\t\t\t\t<\/div>\n\t\t\t\t<div class=\"elementor-element elementor-element-a14420c elementor-widget__width-inherit elementor-widget elementor-widget-text-editor\" data-id=\"a14420c\" data-element_type=\"widget\" data-widget_type=\"text-editor.default\">\n\t\t\t\t<div class=\"elementor-widget-container\">\n\t\t\t\t\t\t\t<p class=\"Textbody\"><strong><span lang=\"PL\">tel. 605 852 634, jagodahampelska@gmail.com<\/span><\/strong><\/p><p class=\"Textbody\"><strong><span lang=\"PL\">psycholog, psychoterapeuta integracyjny, terapeuta PlayTherapy w trakcie certyfikacji.<\/span><\/strong><\/p>\t\t\t\t\t\t<\/div>\n\t\t\t\t<\/div>\n\t\t\t\t<div class=\"elementor-element elementor-element-c1607d2 elementor-widget__width-inherit elementor-widget elementor-widget-text-editor\" data-id=\"c1607d2\" data-element_type=\"widget\" data-widget_type=\"text-editor.default\">\n\t\t\t\t<div class=\"elementor-widget-container\">\n\t\t\t\t\t\t\t<p>Uko\u0144czy\u0142a rekomendowan\u0105 przez Polskie Towarzystwo Psychologiczne Szko\u0142\u0119 Psychoterapii O\u015brodka Pomocy i Edukacji Psychologicznej INTRA w Warszawie, przygotowuj\u0105c\u0105 do pracy w nurcie integracyjnym, kt\u00f3rego baz\u0105 jest psychoterapia humanistyczno-do\u015bwiadczeniowa.\u00a0 Aktualnie, w trakcie uzyskiwania dyplomu na terapeut\u0119 Play Therapy (terapia poprzez zabaw\u0119) \u2013 przygotowuj\u0105cego do prowadzenia terapii dla dzieci w wieku od 3 do 12 lat. W pracy z klientem korzysta z takich podej\u015b\u0107 jak terapia zorientowana na emocje (EFT), focusing, terapia zorientowana na klienta, terapia Gestalt. Swoj\u0105 prac\u0119 terapeutyczn\u0105 poddaje systematycznie superwizji.<\/p><p>Na co dzie\u0144 pracuje w Wielospecjalistycznym Szpitalu Wojew\u00f3dzkim w Gorzowie Wielkopolskim, gdzie wspiera pacjentki na oddziale po\u0142o\u017cniczym, patologii ci\u0105\u017cy oraz ginekologii. Swoj\u0105 opiek\u0105 obejmuje r\u00f3wnie\u017c pacjent\u00f3w oddzia\u0142u neurologii oraz pediatrii. Dotychczasowe do\u015bwiadczenie zawodowe zdobywa\u0142a m.in. prowadz\u0105c psychoterapi\u0119 indywidualn\u0105 w Centrum Terapii i Psychoedukacji CeTeP\u00a0 oraz w Psychopracownii Integra w Warszawie, prowadz\u0105c zaj\u0119cia\u00a0 psychoedukacyjne z elementami socjoterapii dla dzieci z warszawskich szk\u00f3\u0142 podstawowych oraz gimnazjalnych, wspieraj\u0105c by\u0142ych skazanych poprzez prowadzenie szkole\u0144, warsztat\u00f3w oraz trening\u00f3w umiej\u0119tno\u015bci spo\u0142ecznych, b\u0119d\u0105c psychologiem w Fundacji S\u0142awek w Warszawie oraz prowadz\u0105c zaj\u0119cia dla dzieci z przedszkola Le\u015bne Skrzaty w Weso\u0142ej. Swoje umiej\u0119tno\u015bci doskonali\u0142a tak\u017ce pracuj\u0105c w Zak\u0142adach Opieku\u0144czo-Leczniczych Psychiatrycznych oraz Zak\u0142adzie Opieku\u0144czo-Leczniczym Poudarowym w Gorzowie Wielkopolskim, pomaga\u0142a tak\u017ce beneficjentom Klubu Aktywno\u015bci i Integracji w Gorzowie Wielkopolskim, kt\u00f3ry wspiera\u0142 osoby nie w pe\u0142ni sprawne, w podejmowaniu aktywno\u015bci spo\u0142ecznej oraz zawodowej. Odby\u0142a sta\u017c kliniczny w Mazowieckim Specjalistycznym Centrum Zdrowia w Tworkach, praktyki w Centrum Onkologii oraz na Oddziale Dziennym Psychiatrycznym Szpitala Biela\u0144skiego w Warszawie.<\/p><p><strong>Zakres pomocy:<\/strong><\/p><p>&#8211; konsultacje psychologiczne<br \/>&#8211; psychoterapia indywidualna dla doros\u0142ych i m\u0142odzie\u017cy<br \/>&#8211; pomoc psychologiczna w kryzysie, po traumie<br \/>&#8211; rozw\u00f3j osobisty<br \/>&#8211; terapia dzieci (Play Therapy).<\/p>\t\t\t\t\t\t<\/div>\n\t\t\t\t<\/div>\n\t\t\t\t\t<\/div>\n\t\t<\/div>\n\t\t\t\t\t\t\t<\/div>\n\t\t<\/section>\n\t\t\t\t\t\t\t<\/div>\n\t\t","protected":false},"excerpt":{"rendered":"<p>Zesp\u00f3\u0142 Blandyna Ga\u0142\u0142a + 48 502 321 727, blandyna.galla@wp.pl psycholog, psychoterapeuta poznawczo &#8211; behawioralny, seksuolog kliniczny, bieg\u0142a s\u0105dowa. W 2009 roku uko\u0144czy\u0142a psychologi\u0119 ze specjalno\u015bci\u0105: psychologia kliniczna na Uniwersytecie im. Adama Mickiewicza w Poznani. Odby\u0142a szkolenie w zakresie Integratywnej Psychoterapii Kr\u00f3tkoterminowej, realizowane przez Polskie Towarzystwo Psychoterapii Integratywnej w Krakowie. Certyfikowany seksuolog kliniczny Polskiego Towarzystwa Seksuologicznego [&hellip;]<\/p>\n","protected":false},"author":1,"featured_media":0,"parent":0,"menu_order":0,"comment_status":"closed","ping_status":"closed","template":"elementor_header_footer","meta":{"footnotes":""},"class_list":["post-92","page","type-page","status-publish","hentry"],"_links":{"self":[{"href":"https:\/\/lops.com.pl\/index.php\/wp-json\/wp\/v2\/pages\/92","targetHints":{"allow":["GET"]}}],"collection":[{"href":"https:\/\/lops.com.pl\/index.php\/wp-json\/wp\/v2\/pages"}],"about":[{"href":"https:\/\/lops.com.pl\/index.php\/wp-json\/wp\/v2\/types\/page"}],"author":[{"embeddable":true,"href":"https:\/\/lops.com.pl\/index.php\/wp-json\/wp\/v2\/users\/1"}],"replies":[{"embeddable":true,"href":"https:\/\/lops.com.pl\/index.php\/wp-json\/wp\/v2\/comments?post=92"}],"version-history":[{"count":23,"href":"https:\/\/lops.com.pl\/index.php\/wp-json\/wp\/v2\/pages\/92\/revisions"}],"predecessor-version":[{"id":332,"href":"https:\/\/lops.com.pl\/index.php\/wp-json\/wp\/v2\/pages\/92\/revisions\/332"}],"wp:attachment":[{"href":"https:\/\/lops.com.pl\/index.php\/wp-json\/wp\/v2\/media?parent=92"}],"curies":[{"name":"wp","href":"https:\/\/api.w.org\/{rel}","templated":true}]}}